{"id":9,"date":"2019-06-11T08:08:19","date_gmt":"2019-06-11T08:08:19","guid":{"rendered":"http:\/\/www.aim-high.com.pl\/?page_id=9"},"modified":"2026-03-10T21:09:10","modified_gmt":"2026-03-10T21:09:10","slug":"mantrailing","status":"publish","type":"page","link":"https:\/\/www.aim-high.com.pl\/?page_id=9","title":{"rendered":"SPORTOWE PODSTAWY"},"content":{"rendered":"\n<p class=\"has-text-align-center\">Co\u015b dla ambitnych przewodnik\u00f3w i ambitnych piesk\u00f3w z ukierunkowaniem na agility! <br>Zaj\u0119cia maj\u0105 na celu wprowadzenie duetu w sportowy \u015bwiat, prac\u0119 nad podstawami kt\u00f3re poprawi\u0105 wsp\u00f3\u0142prac\u0119. W ramach kursu zostan\u0105 poruszone m.in. takie tematy:<\/p>\n\n\n\n<ul class=\"wp-block-list\">\n<li>System nagr\u00f3d<\/li>\n\n\n\n<li>Praca na od\u0142o\u017con\u0105 nagrod\u0119<\/li>\n\n\n\n<li>\u0106wiczenia w rozproszeniach<\/li>\n\n\n\n<li>Motywacja na jedzenie i zabawk\u0119<\/li>\n\n\n\n<li>Sztuczki i \u0107wiczenia rozgrzewkowe<\/li>\n\n\n\n<li>Zadania na dystansie<\/li>\n\n\n\n<li>\u0106wiczenia na jednej hopce<br>&#8230; i inne \ud83d\ude09<\/li>\n<\/ul>\n\n\n\n<p class=\"has-text-align-center\"><strong>Kurs SPORTOWE PODSTAWY ~ wiosna 2026<\/strong><br>&#8211; start MARZEC,<br>&#8211; terminy do wyboru w formularzu,<br>&#8211; 5 spotka\u0144 z mo\u017cliwo\u015bci\u0105 kontynuacji,<br>&#8211; 400 z\u0142,<br>&#8211; 3 lub 4 psy w grupie.<br>W kursie mog\u0105 bra\u0107 udzia\u0142 psy od 5 miesi\u0105ca, kt\u00f3re w miar\u0119 skupiaj\u0105 si\u0119 w grupie, nie wymagam posiadania nadzwyczajnych umiej\u0119tno\u015bci. Wystarczy \u017ceby pies umia\u0142 reagowa\u0107 na imi\u0119, siada\u0107 i w miar\u0119 mo\u017cliwo\u015bci zostawa\u0107 \ud83d\ude09 Za to od przewodnika wymagam zaanga\u017cowania i otwarto\u015bci na nowo\u015bci. <\/p>\n\n\n\n<p><\/p>\n\n\n\n<p class=\"has-text-align-center\">Nab\u00f3r zamkni\u0119ty <\/p>\n\n\n<div class=\"wp-block-image is-resized\">\n<figure class=\"aligncenter size-large\"><a href=\"https:\/\/www.aim-high.com.pl\/wp-content\/uploads\/2023\/03\/5M1A9510b-scaled.jpg\"><img fetchpriority=\"high\" decoding=\"async\" width=\"1024\" height=\"683\" src=\"https:\/\/www.aim-high.com.pl\/wp-content\/uploads\/2023\/03\/5M1A9510b-1024x683.jpg\" alt=\"\" class=\"wp-image-491\" srcset=\"https:\/\/www.aim-high.com.pl\/wp-content\/uploads\/2023\/03\/5M1A9510b-1024x683.jpg 1024w, https:\/\/www.aim-high.com.pl\/wp-content\/uploads\/2023\/03\/5M1A9510b-300x200.jpg 300w, https:\/\/www.aim-high.com.pl\/wp-content\/uploads\/2023\/03\/5M1A9510b-768x512.jpg 768w, https:\/\/www.aim-high.com.pl\/wp-content\/uploads\/2023\/03\/5M1A9510b-1536x1024.jpg 1536w, https:\/\/www.aim-high.com.pl\/wp-content\/uploads\/2023\/03\/5M1A9510b-2048x1365.jpg 2048w, https:\/\/www.aim-high.com.pl\/wp-content\/uploads\/2023\/03\/5M1A9510b-1140x760.jpg 1140w\" sizes=\"(max-width: 1024px) 100vw, 1024px\" \/><\/a><figcaption class=\"wp-element-caption\">fot. Patrycja Dawid<\/figcaption><\/figure>\n<\/div>\n\n\n<p class=\"has-text-align-center\"><br><\/p>\n","protected":false},"excerpt":{"rendered":"<p>Co\u015b dla ambitnych przewodnik\u00f3w i ambitnych piesk\u00f3w z ukierunkowaniem na agility! Zaj\u0119cia maj\u0105 na celu wprowadzenie duetu w sportowy \u015bwiat, prac\u0119 nad podstawami kt\u00f3re poprawi\u0105 wsp\u00f3\u0142prac\u0119. W ramach kursu zostan\u0105 poruszone m.in. takie tematy: Kurs SPORTOWE PODSTAWY ~ wiosna 2026&#8211; start MARZEC,&#8211; terminy do wyboru w formularzu,&#8211; 5 spotka\u0144 z mo\u017cliwo\u015bci\u0105 kontynuacji,&#8211; 400 z\u0142,&#8211; 3 lub 4 psy w grupie.W kursie mog\u0105 bra\u0107 udzia\u0142 psy od 5 miesi\u0105ca, kt\u00f3re w miar\u0119 skupiaj\u0105 si\u0119 w grupie, nie wymagam posiadania nadzwyczajnych umiej\u0119tno\u015bci. Wystarczy \u017ceby pies umia\u0142 reagowa\u0107 na imi\u0119, siada\u0107 i w miar\u0119 mo\u017cliwo\u015bci zostawa\u0107 \ud83d\ude09 Za to od przewodnika wymagam zaanga\u017cowania i otwarto\u015bci na nowo\u015bci. Nab\u00f3r zamkni\u0119ty<\/p>\n","protected":false},"author":1,"featured_media":0,"parent":0,"menu_order":0,"comment_status":"closed","ping_status":"closed","template":"","meta":{"footnotes":""},"class_list":["post-9","page","type-page","status-publish","hentry"],"_links":{"self":[{"href":"https:\/\/www.aim-high.com.pl\/index.php?rest_route=\/wp\/v2\/pages\/9","targetHints":{"allow":["GET"]}}],"collection":[{"href":"https:\/\/www.aim-high.com.pl\/index.php?rest_route=\/wp\/v2\/pages"}],"about":[{"href":"https:\/\/www.aim-high.com.pl\/index.php?rest_route=\/wp\/v2\/types\/page"}],"author":[{"embeddable":true,"href":"https:\/\/www.aim-high.com.pl\/index.php?rest_route=\/wp\/v2\/users\/1"}],"replies":[{"embeddable":true,"href":"https:\/\/www.aim-high.com.pl\/index.php?rest_route=%2Fwp%2Fv2%2Fcomments&post=9"}],"version-history":[{"count":29,"href":"https:\/\/www.aim-high.com.pl\/index.php?rest_route=\/wp\/v2\/pages\/9\/revisions"}],"predecessor-version":[{"id":754,"href":"https:\/\/www.aim-high.com.pl\/index.php?rest_route=\/wp\/v2\/pages\/9\/revisions\/754"}],"wp:attachment":[{"href":"https:\/\/www.aim-high.com.pl\/index.php?rest_route=%2Fwp%2Fv2%2Fmedia&parent=9"}],"curies":[{"name":"wp","href":"https:\/\/api.w.org\/{rel}","templated":true}]}}