{"id":8,"date":"2019-06-11T08:08:19","date_gmt":"2019-06-11T08:08:19","guid":{"rendered":"http:\/\/www.aim-high.com.pl\/?page_id=8"},"modified":"2021-05-30T12:44:17","modified_gmt":"2021-05-30T12:44:17","slug":"agility","status":"publish","type":"page","link":"https:\/\/www.aim-high.com.pl\/?page_id=8","title":{"rendered":"AGILITY"},"content":{"rendered":"\n<p class=\"has-text-align-center\">Agility polega na pokonaniu toru przeszk\u00f3d w ustalonej kolejno\u015bci, jak najkr\u00f3tszym czasie i bez b\u0142\u0119d\u00f3w. Jest to zdecydowanie ta aktywno\u015b\u0107, podczas kt\u00f3rej trzeba biega\u0107 i jednocze\u015bnie tak panowa\u0107 nad swoimi ruchami \u017ceby pies wiedzia\u0142 co ma robi\u0107. <\/p>\n\n\n\n<div class=\"wp-block-image\"><figure class=\"aligncenter size-large is-resized\"><img fetchpriority=\"high\" decoding=\"async\" src=\"https:\/\/www.aim-high.com.pl\/wp-content\/uploads\/2020\/09\/87575491_3784950538182079_3965713093043945472_o-1-1024x683.jpg\" alt=\"\" class=\"wp-image-108\" width=\"512\" height=\"342\" srcset=\"https:\/\/www.aim-high.com.pl\/wp-content\/uploads\/2020\/09\/87575491_3784950538182079_3965713093043945472_o-1-1024x683.jpg 1024w, https:\/\/www.aim-high.com.pl\/wp-content\/uploads\/2020\/09\/87575491_3784950538182079_3965713093043945472_o-1-300x200.jpg 300w, https:\/\/www.aim-high.com.pl\/wp-content\/uploads\/2020\/09\/87575491_3784950538182079_3965713093043945472_o-1-768x512.jpg 768w, https:\/\/www.aim-high.com.pl\/wp-content\/uploads\/2020\/09\/87575491_3784950538182079_3965713093043945472_o-1-1536x1024.jpg 1536w, https:\/\/www.aim-high.com.pl\/wp-content\/uploads\/2020\/09\/87575491_3784950538182079_3965713093043945472_o-1-1140x760.jpg 1140w, https:\/\/www.aim-high.com.pl\/wp-content\/uploads\/2020\/09\/87575491_3784950538182079_3965713093043945472_o-1.jpg 2048w\" sizes=\"(max-width: 512px) 100vw, 512px\" \/><\/figure><\/div>\n\n\n\n<p class=\"has-text-align-center\">Na naszym terenie znajduje si\u0119 pe\u0142ny, profesjonalny tor do agility, z bezpiecznymi, tartanowymi strefami (Bing). <br>Podczas trening\u00f3w skupiamy si\u0119 przede wszystkim nad motywacj\u0105, dobrymi podstawami i prawid\u0142ow\u0105 technik\u0105 pokonywania przeszk\u00f3d. Na treningi zapraszam zar\u00f3wno pocz\u0105tkuj\u0105cych, jak i zaawansowanych.<\/p>\n\n\n\n<div class=\"wp-block-image\"><figure class=\"aligncenter size-large is-resized\"><img decoding=\"async\" src=\"https:\/\/www.aim-high.com.pl\/wp-content\/uploads\/2020\/09\/72154750_3335833709760433_8419690944609124352_o-1-1024x683.jpg\" alt=\"\" class=\"wp-image-110\" width=\"512\" height=\"342\" srcset=\"https:\/\/www.aim-high.com.pl\/wp-content\/uploads\/2020\/09\/72154750_3335833709760433_8419690944609124352_o-1-1024x683.jpg 1024w, https:\/\/www.aim-high.com.pl\/wp-content\/uploads\/2020\/09\/72154750_3335833709760433_8419690944609124352_o-1-300x200.jpg 300w, https:\/\/www.aim-high.com.pl\/wp-content\/uploads\/2020\/09\/72154750_3335833709760433_8419690944609124352_o-1-768x512.jpg 768w, https:\/\/www.aim-high.com.pl\/wp-content\/uploads\/2020\/09\/72154750_3335833709760433_8419690944609124352_o-1-1536x1024.jpg 1536w, https:\/\/www.aim-high.com.pl\/wp-content\/uploads\/2020\/09\/72154750_3335833709760433_8419690944609124352_o-1-1140x760.jpg 1140w, https:\/\/www.aim-high.com.pl\/wp-content\/uploads\/2020\/09\/72154750_3335833709760433_8419690944609124352_o-1.jpg 2048w\" sizes=\"(max-width: 512px) 100vw, 512px\" \/><\/figure><\/div>\n\n\n\n<p class=\"has-text-align-center\">Zaj\u0119cia odbywaj\u0105 si\u0119 w formie kursu grupowego (level &#8222;0&#8221; i level &#8222;1&#8221;), jak i zaj\u0119\u0107 indywidualnych.<\/p>\n","protected":false},"excerpt":{"rendered":"<p>Agility polega na pokonaniu toru przeszk\u00f3d w ustalonej kolejno\u015bci, jak najkr\u00f3tszym czasie i bez b\u0142\u0119d\u00f3w. Jest to zdecydowanie ta aktywno\u015b\u0107, podczas kt\u00f3rej trzeba biega\u0107 i jednocze\u015bnie tak panowa\u0107 nad swoimi ruchami \u017ceby pies wiedzia\u0142 co ma robi\u0107. Na naszym terenie znajduje si\u0119 pe\u0142ny, profesjonalny tor do agility, z bezpiecznymi, tartanowymi strefami (Bing). Podczas trening\u00f3w skupiamy si\u0119 przede wszystkim nad motywacj\u0105, dobrymi podstawami i prawid\u0142ow\u0105 technik\u0105 pokonywania przeszk\u00f3d. Na treningi zapraszam zar\u00f3wno pocz\u0105tkuj\u0105cych, jak i zaawansowanych. Zaj\u0119cia odbywaj\u0105 si\u0119 w formie kursu grupowego (level &#8222;0&#8221; i level &#8222;1&#8221;), jak i zaj\u0119\u0107 indywidualnych.<\/p>\n","protected":false},"author":1,"featured_media":0,"parent":0,"menu_order":0,"comment_status":"closed","ping_status":"closed","template":"","meta":{"footnotes":""},"class_list":["post-8","page","type-page","status-publish","hentry"],"_links":{"self":[{"href":"https:\/\/www.aim-high.com.pl\/index.php?rest_route=\/wp\/v2\/pages\/8","targetHints":{"allow":["GET"]}}],"collection":[{"href":"https:\/\/www.aim-high.com.pl\/index.php?rest_route=\/wp\/v2\/pages"}],"about":[{"href":"https:\/\/www.aim-high.com.pl\/index.php?rest_route=\/wp\/v2\/types\/page"}],"author":[{"embeddable":true,"href":"https:\/\/www.aim-high.com.pl\/index.php?rest_route=\/wp\/v2\/users\/1"}],"replies":[{"embeddable":true,"href":"https:\/\/www.aim-high.com.pl\/index.php?rest_route=%2Fwp%2Fv2%2Fcomments&post=8"}],"version-history":[{"count":6,"href":"https:\/\/www.aim-high.com.pl\/index.php?rest_route=\/wp\/v2\/pages\/8\/revisions"}],"predecessor-version":[{"id":161,"href":"https:\/\/www.aim-high.com.pl\/index.php?rest_route=\/wp\/v2\/pages\/8\/revisions\/161"}],"wp:attachment":[{"href":"https:\/\/www.aim-high.com.pl\/index.php?rest_route=%2Fwp%2Fv2%2Fmedia&parent=8"}],"curies":[{"name":"wp","href":"https:\/\/api.w.org\/{rel}","templated":true}]}}