{"id":7,"date":"2019-06-11T08:08:19","date_gmt":"2019-06-11T08:08:19","guid":{"rendered":"http:\/\/www.aim-high.com.pl\/?page_id=7"},"modified":"2023-01-10T13:15:42","modified_gmt":"2023-01-10T13:15:42","slug":"o-nas","status":"publish","type":"page","link":"https:\/\/www.aim-high.com.pl\/","title":{"rendered":"Aim High"},"content":{"rendered":"\n<p class=\"has-text-align-center\">Witam na stronie Aim High &#8211; miejsca sportu z psem w Bielsku-Bia\u0142ej. Nazywam si\u0119 Kinga Kubecka, zajmuje si\u0119 g\u0142\u00f3wnie agility, dogfitnessem oraz mantrailingiem, ale tak\u017ce szkoleniem podstawowym. Stawiam na dobr\u0105 zabaw\u0119, budowanie solidnych podstaw, rado\u015b\u0107 z pracy z psem oraz na tworzenie mocnej relacji. <\/p>\n\n\n<div class=\"wp-block-image\">\n<figure class=\"aligncenter is-resized\"><img fetchpriority=\"high\" decoding=\"async\" src=\"https:\/\/www.aim-high.com.pl\/wp-content\/uploads\/2019\/08\/DSC_04-1024x684.jpg\" alt=\"\" class=\"wp-image-50\" width=\"453\" height=\"302\" srcset=\"https:\/\/www.aim-high.com.pl\/wp-content\/uploads\/2019\/08\/DSC_04-1024x684.jpg 1024w, https:\/\/www.aim-high.com.pl\/wp-content\/uploads\/2019\/08\/DSC_04-300x200.jpg 300w, https:\/\/www.aim-high.com.pl\/wp-content\/uploads\/2019\/08\/DSC_04-768x513.jpg 768w, https:\/\/www.aim-high.com.pl\/wp-content\/uploads\/2019\/08\/DSC_04-1140x761.jpg 1140w\" sizes=\"(max-width: 453px) 100vw, 453px\" \/><figcaption>fot. Beata B\u0142aut<\/figcaption><\/figure>\n<\/div>\n\n\n<p class=\"has-text-align-center\">Moja przygoda z psimi sportami rozpocz\u0119\u0142a si\u0119 wraz z pojawieniem si\u0119 w moim \u017cyciu \u017bebradora, oko\u0142o 16 lat temu. Od samego pocz\u0105tku najbardziej podoba\u0142o mi si\u0119 agility, jednak mia\u0142am okazj\u0119 spr\u00f3bowa\u0107 tak\u017ce m.in. obedience i dogfrisbee. Na drugim miejscu jest tropienie u\u017cytkowe, w kt\u00f3rym fascynuje mnie jak dobry jest nos psa, jak du\u017co pies potrafi i tak na prawd\u0119 jak du\u017co swoich mocy przed nami ukrywa. Dogfitness jest zwi\u0105zany z moim wykszta\u0142ceniem, ale tak\u017ce uwielbiam obserwowa\u0107 jak du\u017co mo\u017cna osi\u0105gn\u0105\u0107 dzi\u0119ki regularnym \u0107wiczeniom, uwa\u017cam \u017ce ta forma aktywno\u015bci powinna by\u0107 obowi\u0105zkowym treningiem ps\u00f3w sportowych, a niesportowc\u00f3w pomo\u017ce utrzyma\u0107 w dobrej formie. <\/p>\n\n\n<div class=\"wp-block-image\">\n<figure class=\"aligncenter is-resized\"><img decoding=\"async\" src=\"https:\/\/www.aim-high.com.pl\/wp-content\/uploads\/2019\/08\/DSC_01-1024x684.jpg\" alt=\"\" class=\"wp-image-51\" width=\"514\" height=\"343\" srcset=\"https:\/\/www.aim-high.com.pl\/wp-content\/uploads\/2019\/08\/DSC_01-1024x684.jpg 1024w, https:\/\/www.aim-high.com.pl\/wp-content\/uploads\/2019\/08\/DSC_01-300x200.jpg 300w, https:\/\/www.aim-high.com.pl\/wp-content\/uploads\/2019\/08\/DSC_01-768x513.jpg 768w, https:\/\/www.aim-high.com.pl\/wp-content\/uploads\/2019\/08\/DSC_01-1140x761.jpg 1140w\" sizes=\"(max-width: 514px) 100vw, 514px\" \/><figcaption>fot. Beata B\u0142aut<\/figcaption><\/figure>\n<\/div>\n\n\n<p class=\"has-text-align-center\">Kiedy \u017bebrador sko\u0144czy\u0142 10 lat pojawi\u0142a si\u0119  u nas Zgredka, z kt\u00f3r\u0105 aktualnie trenuje agility i regularnie startuj\u0119 w najwy\u017cszej klasie A3 z wi\u0119kszymi i mniejszymi sukcesami. W 2022 podj\u0119\u0142am decyzj\u0119 o za\u0142o\u017ceniu hodowli ps\u00f3w rasy border collie i tak w maju Zgred (tak ona jest suczk\u0105) urodzi\u0142a 7 szczeni\u0105t, dwa zosta\u0142y z nami powi\u0119kszaj\u0105c moje stado \ud83d\ude09 <br>Aktualnie posiadam trzy psy rasy border collie: Zgreda, Dobisi\u0119 i Harnasia. <br>Ca\u0142y czas staram si\u0119 rozwija\u0107 i poszerza\u0107 horyzonty, regularnie bior\u0119 udzia\u0142 w warsztatach, szkoleniach i seminariach zar\u00f3wno w Polsce jak i za granic\u0105, ucz\u0105c si\u0119 od najlepszych trener\u00f3w i szkoleniowc\u00f3w.<\/p>\n\n\n<div class=\"wp-block-image\">\n<figure class=\"aligncenter size-large is-resized\"><a href=\"https:\/\/www.aim-high.com.pl\/wp-content\/uploads\/2023\/01\/5M1A9646a-scaled.jpg\"><img decoding=\"async\" src=\"https:\/\/www.aim-high.com.pl\/wp-content\/uploads\/2023\/01\/5M1A9646a-1024x683.jpg\" alt=\"\" class=\"wp-image-468\" width=\"500\" srcset=\"https:\/\/www.aim-high.com.pl\/wp-content\/uploads\/2023\/01\/5M1A9646a-1024x683.jpg 1024w, https:\/\/www.aim-high.com.pl\/wp-content\/uploads\/2023\/01\/5M1A9646a-300x200.jpg 300w, https:\/\/www.aim-high.com.pl\/wp-content\/uploads\/2023\/01\/5M1A9646a-768x512.jpg 768w, https:\/\/www.aim-high.com.pl\/wp-content\/uploads\/2023\/01\/5M1A9646a-1536x1024.jpg 1536w, https:\/\/www.aim-high.com.pl\/wp-content\/uploads\/2023\/01\/5M1A9646a-2048x1365.jpg 2048w, https:\/\/www.aim-high.com.pl\/wp-content\/uploads\/2023\/01\/5M1A9646a-1140x760.jpg 1140w\" sizes=\"(max-width: 1024px) 100vw, 1024px\" \/><\/a><figcaption>Fot. Patrycja Dawid<\/figcaption><\/figure>\n<\/div>","protected":false},"excerpt":{"rendered":"<p>Witam na stronie Aim High &#8211; miejsca sportu z psem w Bielsku-Bia\u0142ej. Nazywam si\u0119 Kinga Kubecka, zajmuje si\u0119 g\u0142\u00f3wnie agility, dogfitnessem oraz mantrailingiem, ale tak\u017ce szkoleniem podstawowym. Stawiam na dobr\u0105 zabaw\u0119, budowanie solidnych podstaw, rado\u015b\u0107 z pracy z psem oraz na tworzenie mocnej relacji. Moja przygoda z psimi sportami rozpocz\u0119\u0142a si\u0119 wraz z pojawieniem si\u0119 w moim \u017cyciu \u017bebradora, oko\u0142o 16 lat temu. Od samego pocz\u0105tku najbardziej podoba\u0142o mi si\u0119 agility, jednak mia\u0142am okazj\u0119 spr\u00f3bowa\u0107 tak\u017ce m.in. obedience i dogfrisbee. Na drugim miejscu jest tropienie u\u017cytkowe, w kt\u00f3rym fascynuje mnie jak dobry jest nos psa, jak du\u017co pies potrafi i tak na prawd\u0119 jak du\u017co swoich mocy przed nami ukrywa. Dogfitness jest zwi\u0105zany z moim wykszta\u0142ceniem, ale tak\u017ce uwielbiam obserwowa\u0107 jak du\u017co mo\u017cna osi\u0105gn\u0105\u0107 dzi\u0119ki regularnym \u0107wiczeniom, uwa\u017cam \u017ce ta forma aktywno\u015bci powinna by\u0107 obowi\u0105zkowym treningiem ps\u00f3w sportowych, a niesportowc\u00f3w pomo\u017ce utrzyma\u0107 w dobrej formie. Kiedy \u017bebrador sko\u0144czy\u0142 10 lat pojawi\u0142a si\u0119 u nas Zgredka, z kt\u00f3r\u0105 aktualnie trenuje agility i regularnie startuj\u0119 w najwy\u017cszej klasie A3 z wi\u0119kszymi i mniejszymi sukcesami. W 2022 podj\u0119\u0142am decyzj\u0119 o za\u0142o\u017ceniu hodowli ps\u00f3w rasy border collie i tak w maju Zgred (tak ona jest suczk\u0105) urodzi\u0142a 7 szczeni\u0105t, dwa zosta\u0142y z nami powi\u0119kszaj\u0105c moje stado \ud83d\ude09 Aktualnie posiadam trzy psy rasy border collie: Zgreda, Dobisi\u0119 i Harnasia. Ca\u0142y czas staram si\u0119 rozwija\u0107 i poszerza\u0107 horyzonty, regularnie bior\u0119 udzia\u0142 w warsztatach, szkoleniach i seminariach zar\u00f3wno w Polsce jak i za granic\u0105, ucz\u0105c si\u0119 od najlepszych trener\u00f3w i szkoleniowc\u00f3w.<\/p>\n","protected":false},"author":1,"featured_media":0,"parent":0,"menu_order":0,"comment_status":"closed","ping_status":"closed","template":"","meta":{"footnotes":""},"class_list":["post-7","page","type-page","status-publish","hentry"],"_links":{"self":[{"href":"https:\/\/www.aim-high.com.pl\/index.php?rest_route=\/wp\/v2\/pages\/7","targetHints":{"allow":["GET"]}}],"collection":[{"href":"https:\/\/www.aim-high.com.pl\/index.php?rest_route=\/wp\/v2\/pages"}],"about":[{"href":"https:\/\/www.aim-high.com.pl\/index.php?rest_route=\/wp\/v2\/types\/page"}],"author":[{"embeddable":true,"href":"https:\/\/www.aim-high.com.pl\/index.php?rest_route=\/wp\/v2\/users\/1"}],"replies":[{"embeddable":true,"href":"https:\/\/www.aim-high.com.pl\/index.php?rest_route=%2Fwp%2Fv2%2Fcomments&post=7"}],"version-history":[{"count":13,"href":"https:\/\/www.aim-high.com.pl\/index.php?rest_route=\/wp\/v2\/pages\/7\/revisions"}],"predecessor-version":[{"id":469,"href":"https:\/\/www.aim-high.com.pl\/index.php?rest_route=\/wp\/v2\/pages\/7\/revisions\/469"}],"wp:attachment":[{"href":"https:\/\/www.aim-high.com.pl\/index.php?rest_route=%2Fwp%2Fv2%2Fmedia&parent=7"}],"curies":[{"name":"wp","href":"https:\/\/api.w.org\/{rel}","templated":true}]}}