{"id":580,"date":"2023-11-15T18:39:51","date_gmt":"2023-11-15T18:39:51","guid":{"rendered":"https:\/\/www.aim-high.com.pl\/?page_id=580"},"modified":"2023-11-15T18:39:51","modified_gmt":"2023-11-15T18:39:51","slug":"vouchery","status":"publish","type":"page","link":"https:\/\/www.aim-high.com.pl\/?page_id=580","title":{"rendered":"VOUCHERY"},"content":{"rendered":"\n<p class=\"has-text-align-center\">Rodzaje voucher\u00f3w \u015bwi\u0105tecznych: <\/p>\n\n\n<div class=\"wp-block-image\">\n<figure class=\"aligncenter size-large is-resized\"><a href=\"https:\/\/www.aim-high.com.pl\/wp-content\/uploads\/2023\/11\/Wesolych-Swiat-1.png\"><img fetchpriority=\"high\" decoding=\"async\" width=\"1024\" height=\"682\" src=\"https:\/\/www.aim-high.com.pl\/wp-content\/uploads\/2023\/11\/Wesolych-Swiat-1-1024x682.png\" alt=\"\" class=\"wp-image-583\" style=\"width:580px;height:auto\" srcset=\"https:\/\/www.aim-high.com.pl\/wp-content\/uploads\/2023\/11\/Wesolych-Swiat-1-1024x682.png 1024w, https:\/\/www.aim-high.com.pl\/wp-content\/uploads\/2023\/11\/Wesolych-Swiat-1-300x200.png 300w, https:\/\/www.aim-high.com.pl\/wp-content\/uploads\/2023\/11\/Wesolych-Swiat-1-768x512.png 768w, https:\/\/www.aim-high.com.pl\/wp-content\/uploads\/2023\/11\/Wesolych-Swiat-1-1536x1024.png 1536w, https:\/\/www.aim-high.com.pl\/wp-content\/uploads\/2023\/11\/Wesolych-Swiat-1-1140x760.png 1140w, https:\/\/www.aim-high.com.pl\/wp-content\/uploads\/2023\/11\/Wesolych-Swiat-1.png 1772w\" sizes=\"(max-width: 1024px) 100vw, 1024px\" \/><\/a><\/figure>\n<\/div>\n\n\n<figure class=\"wp-block-table aligncenter\"><table><tbody><tr><td class=\"has-text-align-center\" data-align=\"center\"><strong>NAZWA<\/strong><\/td><td class=\"has-text-align-center\" data-align=\"center\"><strong>ILO\u015a\u0106 SPOTKA\u0143<\/strong><\/td><td class=\"has-text-align-center\" data-align=\"center\"><strong>TERMIN WYKORZYSTANIA<\/strong><\/td><td class=\"has-text-align-center\" data-align=\"center\"><strong>CENA<\/strong><\/td><\/tr><tr><td class=\"has-text-align-center\" data-align=\"center\">INDYWIDUALNY KURS AGILITY<\/td><td class=\"has-text-align-center\" data-align=\"center\">5<\/td><td class=\"has-text-align-center\" data-align=\"center\">marzec 2024-wrzesie\u0144 2024<\/td><td class=\"has-text-align-center\" data-align=\"center\">500 z\u0142<\/td><\/tr><tr><td class=\"has-text-align-center\" data-align=\"center\">KONSULTACJA INDYWIDUALNA<\/td><td class=\"has-text-align-center\" data-align=\"center\">1<\/td><td class=\"has-text-align-center\" data-align=\"center\">2024<\/td><td class=\"has-text-align-center\" data-align=\"center\">100 z\u0142 <\/td><\/tr><tr><td class=\"has-text-align-center\" data-align=\"center\">KURS GRZECZNY PIESEK INDYWIDUALNIE<\/td><td class=\"has-text-align-center\" data-align=\"center\">5<\/td><td class=\"has-text-align-center\" data-align=\"center\">2024<\/td><td class=\"has-text-align-center\" data-align=\"center\">450 z\u0142<\/td><\/tr><tr><td class=\"has-text-align-center\" data-align=\"center\">INSTRUKCJA OBS\u0141UGI SZCZENIAKA<\/td><td class=\"has-text-align-center\" data-align=\"center\">5<\/td><td class=\"has-text-align-center\" data-align=\"center\">2024<\/td><td class=\"has-text-align-center\" data-align=\"center\">350 z\u0142<\/td><\/tr><\/tbody><\/table><\/figure>\n\n\n\n<p>Vouchery sprzedawane s\u0105 jako vouchery imienne (przy zakupie nale\u017cy poda\u0107 imi\u0119 i nazwisko osoby obdarowanej), nie podlegaj\u0105 wymianie, zwrotowi, ani dalszej sprzeda\u017cy. Czas wykorzystania vouchera zale\u017cny jest od jego rodzaju &#8211; szczeg\u00f3\u0142y znajduj\u0105 si\u0119 w tabeli powy\u017cej. <br>Vouchery obejmuj\u0105 spotkanie\/cykl spotka\u0144 na placu treningowym Aim High &#8211; spotkania poza placem zobowi\u0105zuj\u0105 do op\u0142acenia koszt\u00f3w dojazdu zgodnie z cennikiem. <br>Aby wykorzysta\u0107 voucher nale\u017cy skontaktowa\u0107 si\u0119 przez formularz na stronie www lub przez profil na fb\/ig lub telefonicznie.<\/p>\n","protected":false},"excerpt":{"rendered":"<p>Rodzaje voucher\u00f3w \u015bwi\u0105tecznych: NAZWA ILO\u015a\u0106 SPOTKA\u0143 TERMIN WYKORZYSTANIA CENA INDYWIDUALNY KURS AGILITY 5 marzec 2024-wrzesie\u0144 2024 500 z\u0142 KONSULTACJA INDYWIDUALNA 1 2024 100 z\u0142 KURS GRZECZNY PIESEK INDYWIDUALNIE 5 2024 450 z\u0142 INSTRUKCJA OBS\u0141UGI SZCZENIAKA 5 2024 350 z\u0142 Vouchery sprzedawane s\u0105 jako vouchery imienne (przy zakupie nale\u017cy poda\u0107 imi\u0119 i nazwisko osoby obdarowanej), nie podlegaj\u0105 wymianie, zwrotowi, ani dalszej sprzeda\u017cy. Czas wykorzystania vouchera zale\u017cny jest od jego rodzaju &#8211; szczeg\u00f3\u0142y znajduj\u0105 si\u0119 w tabeli powy\u017cej. Vouchery obejmuj\u0105 spotkanie\/cykl spotka\u0144 na placu treningowym Aim High &#8211; spotkania poza placem zobowi\u0105zuj\u0105 do op\u0142acenia koszt\u00f3w dojazdu zgodnie z cennikiem. Aby wykorzysta\u0107 voucher nale\u017cy skontaktowa\u0107 si\u0119 przez formularz na stronie www lub przez profil na fb\/ig lub telefonicznie.<\/p>\n","protected":false},"author":1,"featured_media":0,"parent":0,"menu_order":0,"comment_status":"closed","ping_status":"closed","template":"","meta":{"footnotes":""},"class_list":["post-580","page","type-page","status-publish","hentry"],"_links":{"self":[{"href":"https:\/\/www.aim-high.com.pl\/index.php?rest_route=\/wp\/v2\/pages\/580","targetHints":{"allow":["GET"]}}],"collection":[{"href":"https:\/\/www.aim-high.com.pl\/index.php?rest_route=\/wp\/v2\/pages"}],"about":[{"href":"https:\/\/www.aim-high.com.pl\/index.php?rest_route=\/wp\/v2\/types\/page"}],"author":[{"embeddable":true,"href":"https:\/\/www.aim-high.com.pl\/index.php?rest_route=\/wp\/v2\/users\/1"}],"replies":[{"embeddable":true,"href":"https:\/\/www.aim-high.com.pl\/index.php?rest_route=%2Fwp%2Fv2%2Fcomments&post=580"}],"version-history":[{"count":1,"href":"https:\/\/www.aim-high.com.pl\/index.php?rest_route=\/wp\/v2\/pages\/580\/revisions"}],"predecessor-version":[{"id":584,"href":"https:\/\/www.aim-high.com.pl\/index.php?rest_route=\/wp\/v2\/pages\/580\/revisions\/584"}],"wp:attachment":[{"href":"https:\/\/www.aim-high.com.pl\/index.php?rest_route=%2Fwp%2Fv2%2Fmedia&parent=580"}],"curies":[{"name":"wp","href":"https:\/\/api.w.org\/{rel}","templated":true}]}}