{"id":540,"date":"2023-09-12T18:57:17","date_gmt":"2023-09-12T18:57:17","guid":{"rendered":"https:\/\/www.aim-high.com.pl\/?page_id=540"},"modified":"2026-01-13T21:22:53","modified_gmt":"2026-01-13T21:22:53","slug":"formularz-kontaktowy","status":"publish","type":"page","link":"https:\/\/www.aim-high.com.pl\/?page_id=540","title":{"rendered":"Formularz kontaktowy"},"content":{"rendered":"\n<p>W celu um\u00f3wienia si\u0119 na spotkanie indywidualne prosz\u0119 wype\u0142ni\u0107 poni\u017cszy formularz. <\/p>\n\n\n\n<iframe src=\"https:\/\/docs.google.com\/forms\/d\/e\/1FAIpQLSccROn02EsiSQAyZWwuCNZ2Trj7fc5OsfESkpXl8_mNG_K45w\/viewform?embedded=true\" width=\"640\" height=\"952\" frameborder=\"0\" marginheight=\"0\" marginwidth=\"0\">\u0141aduj\u0119\u2026<\/iframe>\n\n\n<div class=\"wp-block-image\">\n<figure class=\"aligncenter size-large is-resized\"><a href=\"https:\/\/www.aim-high.com.pl\/wp-content\/uploads\/2023\/09\/1T8A2773aaa-1-scaled.jpg\"><img fetchpriority=\"high\" decoding=\"async\" width=\"1024\" height=\"683\" src=\"https:\/\/www.aim-high.com.pl\/wp-content\/uploads\/2023\/09\/1T8A2773aaa-1-1024x683.jpg\" alt=\"\" class=\"wp-image-555\" style=\"width:648px;height:432px\" srcset=\"https:\/\/www.aim-high.com.pl\/wp-content\/uploads\/2023\/09\/1T8A2773aaa-1-1024x683.jpg 1024w, https:\/\/www.aim-high.com.pl\/wp-content\/uploads\/2023\/09\/1T8A2773aaa-1-300x200.jpg 300w, https:\/\/www.aim-high.com.pl\/wp-content\/uploads\/2023\/09\/1T8A2773aaa-1-768x512.jpg 768w, https:\/\/www.aim-high.com.pl\/wp-content\/uploads\/2023\/09\/1T8A2773aaa-1-1536x1024.jpg 1536w, https:\/\/www.aim-high.com.pl\/wp-content\/uploads\/2023\/09\/1T8A2773aaa-1-2048x1365.jpg 2048w, https:\/\/www.aim-high.com.pl\/wp-content\/uploads\/2023\/09\/1T8A2773aaa-1-1140x760.jpg 1140w\" sizes=\"(max-width: 1024px) 100vw, 1024px\" \/><\/a><\/figure>\n<\/div>\n\n\n<p><\/p>\n","protected":false},"excerpt":{"rendered":"<p>W celu um\u00f3wienia si\u0119 na spotkanie indywidualne prosz\u0119 wype\u0142ni\u0107 poni\u017cszy formularz. \u0141aduj\u0119\u2026<\/p>\n","protected":false},"author":1,"featured_media":0,"parent":0,"menu_order":0,"comment_status":"closed","ping_status":"closed","template":"","meta":{"footnotes":""},"class_list":["post-540","page","type-page","status-publish","hentry"],"_links":{"self":[{"href":"https:\/\/www.aim-high.com.pl\/index.php?rest_route=\/wp\/v2\/pages\/540","targetHints":{"allow":["GET"]}}],"collection":[{"href":"https:\/\/www.aim-high.com.pl\/index.php?rest_route=\/wp\/v2\/pages"}],"about":[{"href":"https:\/\/www.aim-high.com.pl\/index.php?rest_route=\/wp\/v2\/types\/page"}],"author":[{"embeddable":true,"href":"https:\/\/www.aim-high.com.pl\/index.php?rest_route=\/wp\/v2\/users\/1"}],"replies":[{"embeddable":true,"href":"https:\/\/www.aim-high.com.pl\/index.php?rest_route=%2Fwp%2Fv2%2Fcomments&post=540"}],"version-history":[{"count":12,"href":"https:\/\/www.aim-high.com.pl\/index.php?rest_route=\/wp\/v2\/pages\/540\/revisions"}],"predecessor-version":[{"id":725,"href":"https:\/\/www.aim-high.com.pl\/index.php?rest_route=\/wp\/v2\/pages\/540\/revisions\/725"}],"wp:attachment":[{"href":"https:\/\/www.aim-high.com.pl\/index.php?rest_route=%2Fwp%2Fv2%2Fmedia&parent=540"}],"curies":[{"name":"wp","href":"https:\/\/api.w.org\/{rel}","templated":true}]}}