{"id":255,"date":"2021-11-30T13:28:52","date_gmt":"2021-11-30T13:28:52","guid":{"rendered":"https:\/\/www.aim-high.com.pl\/?page_id=255"},"modified":"2026-01-15T12:15:58","modified_gmt":"2026-01-15T12:15:58","slug":"konsultacje-indywidualne","status":"publish","type":"page","link":"https:\/\/www.aim-high.com.pl\/?page_id=255","title":{"rendered":"Konsultacje indywidualne"},"content":{"rendered":"\n<p class=\"has-text-align-center\">Prowadz\u0119 spotkania indywidualne na placu, w terenie lub w domu klienta z zakresu: <br><br>&#8211; rozwi\u0105zywania problem\u00f3w domowych, \u017cyciowych i spacerowych itp,<br>&#8211; rzucania si\u0119 na samochody itp.<br>&#8211; instrukcji obs\u0142ugi szczeniaka,<br>&#8211; og\u00f3lnego radzenia sobie z psem,<br>&#8211; agility indywidualnie,<br>&#8211; podstawy sportowe, wst\u0119p do psich sport\u00f3w, motywacja,<\/p>\n\n\n\n<p class=\"has-text-align-center\">&#8211; wprowadzenie do dogfrisbee,<br>&#8211; dogfitness &#8211; dob\u00f3r \u0107wicze\u0144 do konkretnego psa,<br>&#8211; pomocy w wyborze rasy psa do danej rodziny.<br><br>Przede wszystkim podczas spotka\u0144 indywidualnych omawiamy wszystkie pytania i w\u0105tpliwo\u015bci w\u0142a\u015bcicieli, przepracowujemy problemy na spokojnie krok po kroku i ustalamy plan dzia\u0142ania. <br><strong>W celu um\u00f3wienia si\u0119 na spotkanie prosz\u0119 wype\u0142ni\u0107 formularz kontaktowy<\/strong> (zak\u0142adka w menu lub <a href=\"https:\/\/www.aim-high.com.pl\/?page_id=540\" data-type=\"link\" data-id=\"https:\/\/www.aim-high.com.pl\/?page_id=540\">klik<\/a>)<br><br><strong>Cennik spotka\u0144 indywidualnych: <\/strong><\/p>\n\n\n\n<p class=\"has-text-align-center\">Ka\u017cde pierwsze spotkanie 200 z\u0142, kolejne wed\u0142ug cennika poni\u017cej:<\/p>\n\n\n\n<figure class=\"wp-block-table aligncenter\"><table><tbody><tr><td class=\"has-text-align-center\" data-align=\"center\"><strong>TEMATYKA SPOTKANIA<\/strong><\/td><td class=\"has-text-align-center\" data-align=\"center\"><strong>Koszt jednego spotkania<\/strong> <br>(max 60 min)<\/td><td class=\"has-text-align-center\" data-align=\"center\"><strong>Pakiet 5 spotka\u0144<\/strong> <br>(wa\u017cny 2 miesi\u0105ce)<\/td><\/tr><tr><td class=\"has-text-align-center\" data-align=\"center\">Instrukcja obs\u0142ugi szczeniaka<\/td><td class=\"has-text-align-center\" data-align=\"center\">150 z\u0142<\/td><td class=\"has-text-align-center\" data-align=\"center\">600  z\u0142 <\/td><\/tr><tr><td class=\"has-text-align-center\" data-align=\"center\">Rozwi\u0105zywanie problem\u00f3w domowych, \u017cyciowych, spacerowych<\/td><td class=\"has-text-align-center\" data-align=\"center\">150 z\u0142<\/td><td class=\"has-text-align-center\" data-align=\"center\">600 z\u0142 <\/td><\/tr><tr><td class=\"has-text-align-center\" data-align=\"center\">Rzucanie si\u0119 na samochody, motory, rowery, rolki itp (bordery collie&#8230;) <\/td><td class=\"has-text-align-center\" data-align=\"center\">200 z\u0142<\/td><td class=\"has-text-align-center\" data-align=\"center\">&#8211;<\/td><\/tr><tr><td class=\"has-text-align-center\" data-align=\"center\">Sportowe podstawy &#8211; przygotowanie do agility, dogfrisbee, pos\u0142usze\u0144stwa sportowego; praca nad motywacj\u0105<\/td><td class=\"has-text-align-center\" data-align=\"center\">150 z\u0142<\/td><td class=\"has-text-align-center\" data-align=\"center\">600 z\u0142 <\/td><\/tr><tr><td class=\"has-text-align-center\" data-align=\"center\">Dogfitness <\/td><td class=\"has-text-align-center\" data-align=\"center\">150 z\u0142<\/td><td class=\"has-text-align-center\" data-align=\"center\">600 z\u0142<\/td><\/tr><tr><td class=\"has-text-align-center\" data-align=\"center\">Agility (bieganie toru, kurs indywidualnie, nauka stref, slalomu itp)<\/td><td class=\"has-text-align-center\" data-align=\"center\">150 z\u0142<\/td><td class=\"has-text-align-center\" data-align=\"center\">600 z\u0142<\/td><\/tr><tr><td class=\"has-text-align-center\" data-align=\"center\">Pomoc w wyborze rasy psa<\/td><td class=\"has-text-align-center\" data-align=\"center\">free \ud83d\ude09 <\/td><td class=\"has-text-align-center\" data-align=\"center\"><\/td><\/tr><\/tbody><\/table><\/figure>\n\n\n\n<p class=\"has-text-align-center\"><strong>* W przypadku konsultacji prowadzonych poza placem treningowym nale\u017cy doliczy\u0107 koszt dojazdu &#8211; 2z\u0142 za kilometr <\/strong> <strong>+ czas dojazdu proporcjonalnie 100 z\u0142\/h<\/strong>, <strong>licz\u0105c wed\u0142ug mapy Google od placu do um\u00f3wionego miejsca i z powrotem<\/strong>.<\/p>\n\n\n<div class=\"wp-block-image\">\n<figure class=\"aligncenter size-large is-resized\"><a href=\"https:\/\/www.aim-high.com.pl\/wp-content\/uploads\/2021\/11\/5M1A5848aa-1-scaled.jpg\"><img fetchpriority=\"high\" decoding=\"async\" width=\"683\" height=\"1024\" src=\"https:\/\/www.aim-high.com.pl\/wp-content\/uploads\/2021\/11\/5M1A5848aa-1-683x1024.jpg\" alt=\"\" class=\"wp-image-256\" style=\"width:342px;height:512px\" srcset=\"https:\/\/www.aim-high.com.pl\/wp-content\/uploads\/2021\/11\/5M1A5848aa-1-683x1024.jpg 683w, https:\/\/www.aim-high.com.pl\/wp-content\/uploads\/2021\/11\/5M1A5848aa-1-200x300.jpg 200w, https:\/\/www.aim-high.com.pl\/wp-content\/uploads\/2021\/11\/5M1A5848aa-1-768x1152.jpg 768w, https:\/\/www.aim-high.com.pl\/wp-content\/uploads\/2021\/11\/5M1A5848aa-1-1024x1536.jpg 1024w, https:\/\/www.aim-high.com.pl\/wp-content\/uploads\/2021\/11\/5M1A5848aa-1-1365x2048.jpg 1365w, https:\/\/www.aim-high.com.pl\/wp-content\/uploads\/2021\/11\/5M1A5848aa-1-1140x1710.jpg 1140w, https:\/\/www.aim-high.com.pl\/wp-content\/uploads\/2021\/11\/5M1A5848aa-1-scaled.jpg 1707w\" sizes=\"(max-width: 683px) 100vw, 683px\" \/><\/a><\/figure>\n<\/div>\n\n\n<p><\/p>\n","protected":false},"excerpt":{"rendered":"<p>Prowadz\u0119 spotkania indywidualne na placu, w terenie lub w domu klienta z zakresu: &#8211; rozwi\u0105zywania problem\u00f3w domowych, \u017cyciowych i spacerowych itp,&#8211; rzucania si\u0119 na samochody itp.&#8211; instrukcji obs\u0142ugi szczeniaka,&#8211; og\u00f3lnego radzenia sobie z psem,&#8211; agility indywidualnie,&#8211; podstawy sportowe, wst\u0119p do psich sport\u00f3w, motywacja, &#8211; wprowadzenie do dogfrisbee,&#8211; dogfitness &#8211; dob\u00f3r \u0107wicze\u0144 do konkretnego psa,&#8211; pomocy w wyborze rasy psa do danej rodziny. Przede wszystkim podczas spotka\u0144 indywidualnych omawiamy wszystkie pytania i w\u0105tpliwo\u015bci w\u0142a\u015bcicieli, przepracowujemy problemy na spokojnie krok po kroku i ustalamy plan dzia\u0142ania. W celu um\u00f3wienia si\u0119 na spotkanie prosz\u0119 wype\u0142ni\u0107 formularz kontaktowy (zak\u0142adka w menu lub klik) Cennik spotka\u0144 indywidualnych: Ka\u017cde pierwsze spotkanie 200 z\u0142, kolejne wed\u0142ug cennika poni\u017cej: TEMATYKA SPOTKANIA Koszt jednego spotkania (max 60 min) Pakiet 5 spotka\u0144 (wa\u017cny 2 miesi\u0105ce) Instrukcja obs\u0142ugi szczeniaka 150 z\u0142 600 z\u0142 Rozwi\u0105zywanie problem\u00f3w domowych, \u017cyciowych, spacerowych 150 z\u0142 600 z\u0142 Rzucanie si\u0119 na samochody, motory, rowery, rolki itp (bordery collie&#8230;) 200 z\u0142 &#8211; Sportowe podstawy &#8211; przygotowanie do agility, dogfrisbee, pos\u0142usze\u0144stwa sportowego; praca nad motywacj\u0105 150 z\u0142 600 z\u0142 Dogfitness 150 z\u0142 600 z\u0142 Agility (bieganie toru, kurs indywidualnie, nauka stref, slalomu itp) 150 z\u0142 600 z\u0142 Pomoc w wyborze rasy psa free \ud83d\ude09 * W przypadku konsultacji prowadzonych poza placem treningowym nale\u017cy doliczy\u0107 koszt dojazdu &#8211; 2z\u0142 za kilometr + czas dojazdu proporcjonalnie 100 z\u0142\/h, licz\u0105c wed\u0142ug mapy Google od placu do um\u00f3wionego miejsca i z powrotem.<\/p>\n","protected":false},"author":1,"featured_media":0,"parent":0,"menu_order":0,"comment_status":"closed","ping_status":"closed","template":"","meta":{"footnotes":""},"class_list":["post-255","page","type-page","status-publish","hentry"],"_links":{"self":[{"href":"https:\/\/www.aim-high.com.pl\/index.php?rest_route=\/wp\/v2\/pages\/255","targetHints":{"allow":["GET"]}}],"collection":[{"href":"https:\/\/www.aim-high.com.pl\/index.php?rest_route=\/wp\/v2\/pages"}],"about":[{"href":"https:\/\/www.aim-high.com.pl\/index.php?rest_route=\/wp\/v2\/types\/page"}],"author":[{"embeddable":true,"href":"https:\/\/www.aim-high.com.pl\/index.php?rest_route=\/wp\/v2\/users\/1"}],"replies":[{"embeddable":true,"href":"https:\/\/www.aim-high.com.pl\/index.php?rest_route=%2Fwp%2Fv2%2Fcomments&post=255"}],"version-history":[{"count":19,"href":"https:\/\/www.aim-high.com.pl\/index.php?rest_route=\/wp\/v2\/pages\/255\/revisions"}],"predecessor-version":[{"id":729,"href":"https:\/\/www.aim-high.com.pl\/index.php?rest_route=\/wp\/v2\/pages\/255\/revisions\/729"}],"wp:attachment":[{"href":"https:\/\/www.aim-high.com.pl\/index.php?rest_route=%2Fwp%2Fv2%2Fmedia&parent=255"}],"curies":[{"name":"wp","href":"https:\/\/api.w.org\/{rel}","templated":true}]}}