{"id":11,"date":"2019-06-11T08:08:19","date_gmt":"2019-06-11T08:08:19","guid":{"rendered":"http:\/\/www.aim-high.com.pl\/?page_id=11"},"modified":"2024-04-18T20:29:33","modified_gmt":"2024-04-18T20:29:33","slug":"kontakt","status":"publish","type":"page","link":"https:\/\/www.aim-high.com.pl\/?page_id=11","title":{"rendered":"Kontakt i dojazd"},"content":{"rendered":"\n<p class=\"has-text-align-center\"><strong>Aim High &#8211; dog training<\/strong><br><br>Zdecydowanie najszybsz\u0105 form\u0105 kontaktu jest wiadomo\u015b\u0107 przez fanpage (messenger strony) lub instagram strony \ud83d\ude42<br><br> tel: 730 649 508<br>(rzadko odbieram telefony, w razie konieczno\u015bci kontaktu telefonicznego prosz\u0119 wys\u0142a\u0107 SMS z zarysem tematu i &#8222;prosz\u0119 o kontakt&#8221;)<br> kontakt@aim-high.com.pl<br>ul. Zwardo\u0144ska 137<br>43-300 Bielsko-Bia\u0142a <\/p>\n\n\n\n<p class=\"has-text-align-center\">Nasz teren znajduje si\u0119 w Bielsku-Bia\u0142ej przy ulicy Zwardo\u0144skiej 137, obok terenu lotniska.<br>Samoch\u00f3d mo\u017cna zostawi\u0107 na og\u00f3lnodost\u0119pnym parkingu, a nast\u0119pnie przej\u015b\u0107 oko\u0142o 200m do bramki wej\u015bciowej.<br>Na poni\u017cszych mapach zaznaczone s\u0105 mo\u017cliwe miejsca do zaparkowania oraz umiejscowienie placu. <br><br><strong>Uwaga!<\/strong> Po przebudowie ulicy i likwidacji parkingu mamy dost\u0119pnych dos\u0142ownie kilka miejsc przy wje\u017adzie na teren. W przypadku zaj\u0119\u0107 grupowych mo\u017cna si\u0119 &#8222;zastawi\u0107&#8221; w obr\u0119bie grupy. <br>Polecam te\u017c opcj\u0119 parkowania dalej (druga mapka) i przej\u015bcie si\u0119 nieca\u0142e 10 min przy okazji za\u0142atwiaj\u0105c &#8222;si-kupe&#8221; i rozgrzewaj\u0105c psa\/luzuj\u0105c po je\u017adzie samochodem.<\/p>\n\n\n<div class=\"wp-block-image\">\n<figure class=\"aligncenter size-full\"><a href=\"https:\/\/www.aim-high.com.pl\/wp-content\/uploads\/2023\/03\/Przechwytywanie3.jpg\"><img fetchpriority=\"high\" decoding=\"async\" width=\"913\" height=\"685\" src=\"https:\/\/www.aim-high.com.pl\/wp-content\/uploads\/2023\/03\/Przechwytywanie3.jpg\" alt=\"\" class=\"wp-image-499\" srcset=\"https:\/\/www.aim-high.com.pl\/wp-content\/uploads\/2023\/03\/Przechwytywanie3.jpg 913w, https:\/\/www.aim-high.com.pl\/wp-content\/uploads\/2023\/03\/Przechwytywanie3-300x225.jpg 300w, https:\/\/www.aim-high.com.pl\/wp-content\/uploads\/2023\/03\/Przechwytywanie3-768x576.jpg 768w\" sizes=\"(max-width: 913px) 100vw, 913px\" \/><\/a><\/figure>\n<\/div>\n\n<div class=\"wp-block-image\">\n<figure class=\"aligncenter size-large\"><a href=\"https:\/\/www.aim-high.com.pl\/wp-content\/uploads\/2023\/03\/Przechwytywanie2.jpg\"><img decoding=\"async\" width=\"1024\" height=\"597\" src=\"https:\/\/www.aim-high.com.pl\/wp-content\/uploads\/2023\/03\/Przechwytywanie2-1024x597.jpg\" alt=\"\" class=\"wp-image-500\" srcset=\"https:\/\/www.aim-high.com.pl\/wp-content\/uploads\/2023\/03\/Przechwytywanie2-1024x597.jpg 1024w, https:\/\/www.aim-high.com.pl\/wp-content\/uploads\/2023\/03\/Przechwytywanie2-300x175.jpg 300w, https:\/\/www.aim-high.com.pl\/wp-content\/uploads\/2023\/03\/Przechwytywanie2-768x448.jpg 768w, https:\/\/www.aim-high.com.pl\/wp-content\/uploads\/2023\/03\/Przechwytywanie2.jpg 1080w\" sizes=\"(max-width: 1024px) 100vw, 1024px\" \/><\/a><\/figure>\n<\/div>\n\n\n<figure class=\"wp-block-gallery aligncenter has-nested-images columns-default is-cropped wp-block-gallery-1 is-layout-flex wp-block-gallery-is-layout-flex\">\n<figure class=\"wp-block-image size-large\"><img decoding=\"async\" width=\"1024\" height=\"495\" data-id=\"113\" src=\"https:\/\/www.aim-high.com.pl\/wp-content\/uploads\/2020\/09\/MAPA-1024x495.png\" alt=\"\" class=\"wp-image-113\" srcset=\"https:\/\/www.aim-high.com.pl\/wp-content\/uploads\/2020\/09\/MAPA-1024x495.png 1024w, https:\/\/www.aim-high.com.pl\/wp-content\/uploads\/2020\/09\/MAPA-300x145.png 300w, https:\/\/www.aim-high.com.pl\/wp-content\/uploads\/2020\/09\/MAPA-768x371.png 768w, https:\/\/www.aim-high.com.pl\/wp-content\/uploads\/2020\/09\/MAPA.png 1030w\" sizes=\"(max-width: 1024px) 100vw, 1024px\" \/><\/figure>\n\n\n\n<figure class=\"wp-block-image size-large\"><img loading=\"lazy\" decoding=\"async\" width=\"1024\" height=\"768\" data-id=\"275\" src=\"https:\/\/www.aim-high.com.pl\/wp-content\/uploads\/2021\/12\/PSX_20211211_183313-1024x768.jpg\" alt=\"\" class=\"wp-image-275\" srcset=\"https:\/\/www.aim-high.com.pl\/wp-content\/uploads\/2021\/12\/PSX_20211211_183313-1024x768.jpg 1024w, https:\/\/www.aim-high.com.pl\/wp-content\/uploads\/2021\/12\/PSX_20211211_183313-300x225.jpg 300w, https:\/\/www.aim-high.com.pl\/wp-content\/uploads\/2021\/12\/PSX_20211211_183313-768x576.jpg 768w, https:\/\/www.aim-high.com.pl\/wp-content\/uploads\/2021\/12\/PSX_20211211_183313-1536x1152.jpg 1536w, https:\/\/www.aim-high.com.pl\/wp-content\/uploads\/2021\/12\/PSX_20211211_183313-2048x1536.jpg 2048w, https:\/\/www.aim-high.com.pl\/wp-content\/uploads\/2021\/12\/PSX_20211211_183313-1140x855.jpg 1140w\" sizes=\"(max-width: 1024px) 100vw, 1024px\" \/><\/figure>\n\n\n\n<figure class=\"wp-block-image size-large\"><img loading=\"lazy\" decoding=\"async\" width=\"1024\" height=\"768\" data-id=\"276\" src=\"https:\/\/www.aim-high.com.pl\/wp-content\/uploads\/2021\/12\/PSX_20211211_183141-1024x768.jpg\" alt=\"\" class=\"wp-image-276\" srcset=\"https:\/\/www.aim-high.com.pl\/wp-content\/uploads\/2021\/12\/PSX_20211211_183141-1024x768.jpg 1024w, https:\/\/www.aim-high.com.pl\/wp-content\/uploads\/2021\/12\/PSX_20211211_183141-300x225.jpg 300w, https:\/\/www.aim-high.com.pl\/wp-content\/uploads\/2021\/12\/PSX_20211211_183141-768x576.jpg 768w, https:\/\/www.aim-high.com.pl\/wp-content\/uploads\/2021\/12\/PSX_20211211_183141-1536x1152.jpg 1536w, https:\/\/www.aim-high.com.pl\/wp-content\/uploads\/2021\/12\/PSX_20211211_183141-2048x1536.jpg 2048w, https:\/\/www.aim-high.com.pl\/wp-content\/uploads\/2021\/12\/PSX_20211211_183141-1140x855.jpg 1140w\" sizes=\"(max-width: 1024px) 100vw, 1024px\" \/><\/figure>\n<\/figure>\n\n\n\n<center><iframe src=\"https:\/\/www.google.com\/maps\/embed?pb=!1m18!1m12!1m3!1d2574.2955920791355!2d18.79717255113279!3d49.81810934050463!2m3!1f0!2f0!3f0!3m2!1i1024!2i768!4f13.1!3m3!1m2!1s0x4716a7c8bc580fab%3A0x5c74cdf00447fd34!2sAim+High!5e0!3m2!1spl!2spl!4v1565774797730!5m2!1spl!2spl\" width=\"600\" height=\"450\" frameborder=\"0\" style=\"border:0\" allowfullscreen=\"\"><\/iframe><\/center>\n","protected":false},"excerpt":{"rendered":"<p>Aim High &#8211; dog training Zdecydowanie najszybsz\u0105 form\u0105 kontaktu jest wiadomo\u015b\u0107 przez fanpage (messenger strony) lub instagram strony \ud83d\ude42 tel: 730 649 508(rzadko odbieram telefony, w razie konieczno\u015bci kontaktu telefonicznego prosz\u0119 wys\u0142a\u0107 SMS z zarysem tematu i &#8222;prosz\u0119 o kontakt&#8221;) kontakt@aim-high.com.plul. Zwardo\u0144ska 13743-300 Bielsko-Bia\u0142a Nasz teren znajduje si\u0119 w Bielsku-Bia\u0142ej przy ulicy Zwardo\u0144skiej 137, obok terenu lotniska.Samoch\u00f3d mo\u017cna zostawi\u0107 na og\u00f3lnodost\u0119pnym parkingu, a nast\u0119pnie przej\u015b\u0107 oko\u0142o 200m do bramki wej\u015bciowej.Na poni\u017cszych mapach zaznaczone s\u0105 mo\u017cliwe miejsca do zaparkowania oraz umiejscowienie placu. Uwaga! Po przebudowie ulicy i likwidacji parkingu mamy dost\u0119pnych dos\u0142ownie kilka miejsc przy wje\u017adzie na teren. W przypadku zaj\u0119\u0107 grupowych mo\u017cna si\u0119 &#8222;zastawi\u0107&#8221; w obr\u0119bie grupy. Polecam te\u017c opcj\u0119 parkowania dalej (druga mapka) i przej\u015bcie si\u0119 nieca\u0142e 10 min przy okazji za\u0142atwiaj\u0105c &#8222;si-kupe&#8221; i rozgrzewaj\u0105c psa\/luzuj\u0105c po je\u017adzie samochodem.<\/p>\n","protected":false},"author":1,"featured_media":0,"parent":0,"menu_order":0,"comment_status":"closed","ping_status":"closed","template":"","meta":{"footnotes":""},"class_list":["post-11","page","type-page","status-publish","hentry"],"_links":{"self":[{"href":"https:\/\/www.aim-high.com.pl\/index.php?rest_route=\/wp\/v2\/pages\/11","targetHints":{"allow":["GET"]}}],"collection":[{"href":"https:\/\/www.aim-high.com.pl\/index.php?rest_route=\/wp\/v2\/pages"}],"about":[{"href":"https:\/\/www.aim-high.com.pl\/index.php?rest_route=\/wp\/v2\/types\/page"}],"author":[{"embeddable":true,"href":"https:\/\/www.aim-high.com.pl\/index.php?rest_route=\/wp\/v2\/users\/1"}],"replies":[{"embeddable":true,"href":"https:\/\/www.aim-high.com.pl\/index.php?rest_route=%2Fwp%2Fv2%2Fcomments&post=11"}],"version-history":[{"count":29,"href":"https:\/\/www.aim-high.com.pl\/index.php?rest_route=\/wp\/v2\/pages\/11\/revisions"}],"predecessor-version":[{"id":641,"href":"https:\/\/www.aim-high.com.pl\/index.php?rest_route=\/wp\/v2\/pages\/11\/revisions\/641"}],"wp:attachment":[{"href":"https:\/\/www.aim-high.com.pl\/index.php?rest_route=%2Fwp%2Fv2%2Fmedia&parent=11"}],"curies":[{"name":"wp","href":"https:\/\/api.w.org\/{rel}","templated":true}]}}