{"id":10,"date":"2019-06-11T08:08:19","date_gmt":"2019-06-11T08:08:19","guid":{"rendered":"http:\/\/www.aim-high.com.pl\/?page_id=10"},"modified":"2026-01-15T20:38:48","modified_gmt":"2026-01-15T20:38:48","slug":"dogfitness","status":"publish","type":"page","link":"https:\/\/www.aim-high.com.pl\/?page_id=10","title":{"rendered":"DOGFITNESS"},"content":{"rendered":"\n<p class=\"has-text-align-center\">Forma aktywno\u015bci, wspieraj\u0105ca \u015bwiadomo\u015b\u0107 cia\u0142a i kondycj\u0119 fizyczn\u0105 psa. Poprzez dob\u00f3r odpowiednich \u0107wicze\u0144 mo\u017cemy wzmocni\u0107 konkretne partie mi\u0119\u015bni tak by utrzyma\u0107 jak najlepsz\u0105 form\u0119, tym samym ograniczy\u0107 ryzyko kontuzji i problem\u00f3w z uk\u0142adem ruchu. Dogfitness nie jest przeznaczony tylko dla sportowc\u00f3w, ale tak na prawd\u0119 dla ka\u017cdego psa. <\/p>\n\n\n\n<p class=\"has-text-align-center\">Aktualnie prowadz\u0119 zaj\u0119cia z dogfitnessu w formie indywidualnej. Na podstawie wywiadu z w\u0142a\u015bcicielem oraz oceny psa dobieram \u0107wiczenia i rozplanowuje treningi domowe.<\/p>\n\n\n<div class=\"wp-block-image wp-block-image aligncenter size-large is-resized\">\n<figure ><a href=\"https:\/\/www.aim-high.com.pl\/wp-content\/uploads\/2021\/11\/5M1A6240aa-scaled.jpg\"><img fetchpriority=\"high\" decoding=\"async\" width=\"1024\" height=\"683\" src=\"https:\/\/www.aim-high.com.pl\/wp-content\/uploads\/2021\/11\/5M1A6240aa-1024x683.jpg\" alt=\"\" class=\"wp-image-244\" srcset=\"https:\/\/www.aim-high.com.pl\/wp-content\/uploads\/2021\/11\/5M1A6240aa-1024x683.jpg 1024w, https:\/\/www.aim-high.com.pl\/wp-content\/uploads\/2021\/11\/5M1A6240aa-300x200.jpg 300w, https:\/\/www.aim-high.com.pl\/wp-content\/uploads\/2021\/11\/5M1A6240aa-768x512.jpg 768w, https:\/\/www.aim-high.com.pl\/wp-content\/uploads\/2021\/11\/5M1A6240aa-1536x1024.jpg 1536w, https:\/\/www.aim-high.com.pl\/wp-content\/uploads\/2021\/11\/5M1A6240aa-2048x1365.jpg 2048w, https:\/\/www.aim-high.com.pl\/wp-content\/uploads\/2021\/11\/5M1A6240aa-1140x760.jpg 1140w\" sizes=\"(max-width: 1024px) 100vw, 1024px\" \/><\/a><figcaption class=\"wp-element-caption\">fot. Patrycja Dawid<\/figcaption><\/figure>\n<\/div>","protected":false},"excerpt":{"rendered":"<p>Forma aktywno\u015bci, wspieraj\u0105ca \u015bwiadomo\u015b\u0107 cia\u0142a i kondycj\u0119 fizyczn\u0105 psa. Poprzez dob\u00f3r odpowiednich \u0107wicze\u0144 mo\u017cemy wzmocni\u0107 konkretne partie mi\u0119\u015bni tak by utrzyma\u0107 jak najlepsz\u0105 form\u0119, tym samym ograniczy\u0107 ryzyko kontuzji i problem\u00f3w z uk\u0142adem ruchu. Dogfitness nie jest przeznaczony tylko dla sportowc\u00f3w, ale tak na prawd\u0119 dla ka\u017cdego psa. Aktualnie prowadz\u0119 zaj\u0119cia z dogfitnessu w formie indywidualnej. Na podstawie wywiadu z w\u0142a\u015bcicielem oraz oceny psa dobieram \u0107wiczenia i rozplanowuje treningi domowe.<\/p>\n","protected":false},"author":1,"featured_media":0,"parent":0,"menu_order":0,"comment_status":"closed","ping_status":"closed","template":"","meta":{"footnotes":""},"class_list":["post-10","page","type-page","status-publish","hentry"],"_links":{"self":[{"href":"https:\/\/www.aim-high.com.pl\/index.php?rest_route=\/wp\/v2\/pages\/10","targetHints":{"allow":["GET"]}}],"collection":[{"href":"https:\/\/www.aim-high.com.pl\/index.php?rest_route=\/wp\/v2\/pages"}],"about":[{"href":"https:\/\/www.aim-high.com.pl\/index.php?rest_route=\/wp\/v2\/types\/page"}],"author":[{"embeddable":true,"href":"https:\/\/www.aim-high.com.pl\/index.php?rest_route=\/wp\/v2\/users\/1"}],"replies":[{"embeddable":true,"href":"https:\/\/www.aim-high.com.pl\/index.php?rest_route=%2Fwp%2Fv2%2Fcomments&post=10"}],"version-history":[{"count":12,"href":"https:\/\/www.aim-high.com.pl\/index.php?rest_route=\/wp\/v2\/pages\/10\/revisions"}],"predecessor-version":[{"id":732,"href":"https:\/\/www.aim-high.com.pl\/index.php?rest_route=\/wp\/v2\/pages\/10\/revisions\/732"}],"wp:attachment":[{"href":"https:\/\/www.aim-high.com.pl\/index.php?rest_route=%2Fwp%2Fv2%2Fmedia&parent=10"}],"curies":[{"name":"wp","href":"https:\/\/api.w.org\/{rel}","templated":true}]}}